{"id":397,"date":"2020-05-25T20:21:41","date_gmt":"2020-05-25T18:21:41","guid":{"rendered":"https:\/\/teukho.com\/about-us\/"},"modified":"2020-10-08T14:47:15","modified_gmt":"2020-10-08T12:47:15","slug":"about-us","status":"publish","type":"page","link":"https:\/\/www.teukho.com\/en\/about-us\/","title":{"rendered":"About us"},"content":{"rendered":"<p>[et_pb_section fb_built=&#8221;1&#8243; fullwidth=&#8221;on&#8221; _builder_version=&#8221;4.4.4&#8243; background_color=&#8221;#1f1f1c&#8221;][et_pb_fullwidth_slider show_arrows=&#8221;off&#8221; _builder_version=&#8221;4.4.5&#8243; auto=&#8221;on&#8221; auto_ignore_hover=&#8221;on&#8221; hover_transition_duration=&#8221;900ms&#8221; custom_css_slide_description=&#8221;animation-name: none;&#8221; custom_css_slide_image=&#8221;animation-name: none;&#8221;][et_pb_slide use_bg_overlay=&#8221;on&#8221; bg_overlay_color=&#8221;rgba(31,31,28,0.6)&#8221; _builder_version=&#8221;4.4.5&#8243; body_font=&#8221;Montserrat||||||||&#8221; body_font_size=&#8221;2.4em&#8221; background_image=&#8221;https:\/\/www.teukho.com\/wp-content\/uploads\/2020\/04\/teu\u0301kho\u0304-about-root.jpg&#8221; background_enable_image=&#8221;on&#8221; body_font_size_tablet=&#8221;2em&#8221; body_font_size_phone=&#8221;1.7em&#8221; body_font_size_last_edited=&#8221;on|tablet&#8221; sticky_transition=&#8221;on&#8221;]<img loading=\"lazy\" decoding=\"async\" class=\"wp-image-262 alignnone size-medium\" src=\"https:\/\/www.teukho.com\/wp-content\/uploads\/2020\/05\/Logo-teu\u0301kho-DEF-700gray-300x109.png\" alt=\"\" width=\"300\" height=\"109\" srcset=\"https:\/\/www.teukho.com\/wp-content\/uploads\/2020\/05\/Logo-teu\u0301kho-DEF-700gray-300x109.png 300w, https:\/\/www.teukho.com\/wp-content\/uploads\/2020\/05\/Logo-teu\u0301kho-DEF-700gray-480x175.png 480w, https:\/\/www.teukho.com\/wp-content\/uploads\/2020\/05\/Logo-teu\u0301kho-DEF-700gray.png 700w\" sizes=\"(max-width: 300px) 100vw, 300px\" \/><\/p>\n<p>Design, sculpted by time.[\/et_pb_slide][et_pb_slide use_bg_overlay=&#8221;on&#8221; bg_overlay_color=&#8221;rgba(31,31,28,0.6)&#8221; _builder_version=&#8221;4.4.4&#8243; body_font=&#8221;Montserrat||||||||&#8221; body_font_size=&#8221;2.4em&#8221; background_image=&#8221;https:\/\/www.teukho.com\/wp-content\/uploads\/2020\/04\/teu\u0301kho\u0304-about-table.jpg&#8221; background_enable_image=&#8221;on&#8221; body_font_size_tablet=&#8221;2em&#8221; body_font_size_phone=&#8221;1.7em&#8221; body_font_size_last_edited=&#8221;on|phone&#8221; sticky_transition=&#8221;on&#8221;]<img loading=\"lazy\" decoding=\"async\" class=\"wp-image-7 alignnone size-full\" src=\"https:\/\/www.teukho.com\/wp-content\/uploads\/2020\/03\/Logo-teu\u0301kho-DEF-700white.png\" alt=\"\" width=\"299\" height=\"109\" srcset=\"https:\/\/www.teukho.com\/wp-content\/uploads\/2020\/03\/Logo-teu\u0301kho-DEF-700white.png 700w, https:\/\/www.teukho.com\/wp-content\/uploads\/2020\/03\/Logo-teu\u0301kho-DEF-700white-300x109.png 300w\" sizes=\"(max-width: 299px) 100vw, 299px\" \/><\/p>\n<p>Design, sculpted by time.[\/et_pb_slide][\/et_pb_fullwidth_slider][\/et_pb_section][et_pb_section fb_built=&#8221;1&#8243; _builder_version=&#8221;4.4.4&#8243; background_color=&#8221;#1f1f1c&#8221;][et_pb_row _builder_version=&#8221;4.4.4&#8243;][et_pb_column type=&#8221;4_4&#8243; _builder_version=&#8221;4.4.4&#8243;][et_pb_blurb use_icon=&#8221;on&#8221; font_icon=&#8221;%%91%%&#8221; icon_color=&#8221;#5d4c3f&#8221; use_icon_font_size=&#8221;on&#8221; icon_font_size=&#8221;49px&#8221; _builder_version=&#8221;4.4.4&#8243; custom_margin=&#8221;||-2px|||&#8221; custom_padding=&#8221;||0px|||&#8221;][\/et_pb_blurb][et_pb_text _builder_version=&#8221;4.4.5&#8243; text_font=&#8221;Montserrat||||||||&#8221; text_font_size=&#8221;18px&#8221; text_orientation=&#8221;center&#8221;]<\/p>\n<div class=\"page\" title=\"Page 1\">\n<div class=\"section\">\n<div class=\"layoutArea\">\n<div class=\"column\">\n<p>The value of everything equals the amount of time it took you to get it.<\/p>\n<p><em>\u2013Henry David Thoreau <\/em><\/p>\n<\/div>\n<\/div>\n<\/div>\n<\/div>\n<p>[\/et_pb_text][et_pb_video src=&#8221;https:\/\/youtu.be\/wa85fbGiFoc&#8221; _builder_version=&#8221;4.6.5&#8243; _module_preset=&#8221;default&#8221; custom_margin=&#8221;49px||||false|false&#8221; custom_padding=&#8221;||||false|false&#8221; hover_enabled=&#8221;0&#8243; box_shadow_style=&#8221;preset1&#8243; box_shadow_vertical=&#8221;5px&#8221; box_shadow_color=&#8221;rgba(0,0,0,0.82)&#8221; thumbnail_overlay_color=&#8221;rgba(0,0,0,0.6)&#8221; sticky_enabled=&#8221;0&#8243;][\/et_pb_video][\/et_pb_column][\/et_pb_row][et_pb_row _builder_version=&#8221;4.4.4&#8243; custom_padding=&#8221;70px|||||&#8221;][et_pb_column type=&#8221;4_4&#8243; _builder_version=&#8221;4.4.4&#8243;][et_pb_image src=&#8221;https:\/\/www.teukho.com\/wp-content\/uploads\/2020\/04\/\u03c4\u03b5\u03c5\u0301\u03c7\u03c9-greek.png&#8221; title_text=&#8221;\u03c4\u03b5\u03c5\u0301\u03c7\u03c9-greek&#8221; align=&#8221;center&#8221; _builder_version=&#8221;4.4.4&#8243; width=&#8221;20%&#8221; width_tablet=&#8221;&#8221; width_phone=&#8221;35%&#8221; width_last_edited=&#8221;on|desktop&#8221; module_alignment=&#8221;left&#8221;][\/et_pb_image][et_pb_text _builder_version=&#8221;4.4.4&#8243; text_font=&#8221;Montserrat||||||||&#8221; text_text_color=&#8221;#a0816e&#8221; text_font_size=&#8221;17px&#8221; text_line_height=&#8221;1.6em&#8221; text_orientation=&#8221;justified&#8221; text_orientation_tablet=&#8221;&#8221; text_orientation_phone=&#8221;left&#8221; text_orientation_last_edited=&#8221;on|phone&#8221;]( Ancient Greek. Proto-Indo-European thematic training from the root * d\u02b0\u00e9wg\u02b0ti.<br \/>\n<em><strong>Word<\/strong>: to do, to create, to create artfully, to create through a service.\u00a0<\/em><br \/>\n)[\/et_pb_text][et_pb_text _builder_version=&#8221;4.4.5&#8243; text_font_size=&#8221;1.2em&#8221; text_line_height=&#8221;1.8em&#8221; text_orientation=&#8221;justified&#8221; custom_padding=&#8221;40px||35px||false|false&#8221; text_letter_spacing_tablet=&#8221;&#8221; text_letter_spacing_phone=&#8221;-1px&#8221; text_letter_spacing_last_edited=&#8221;on|phone&#8221; text_orientation_tablet=&#8221;&#8221; text_orientation_phone=&#8221;&#8221; text_orientation_last_edited=&#8221;on|phone&#8221;]<\/p>\n<h2>Design and furniture in fossil wood<\/h2>\n<p>Born from the happy intuition of the Garzitto family, historical name of timber in Friuli, the experience of te\u00fakh\u014d has its roots in the deep knowledge and love for wood, this extraordinary material that has always accompanied man in his history. And it is precisely from history, thousands of years old, that today we draw our design creations.<\/p>\n<p class=\"p1\"><span class=\"s1\">The essence of our designs derives from incredibly rare and <a href=\"https:\/\/en.wikipedia.org\/wiki\/Bog-wood\">unique fossil logs<\/a>, not yet petrified, which date back to <strong>between 5000 to 6000 BC.<\/strong> These mineralized logs showcase distinctive characteristics of the wood; they assume a particular elasticity, coloring and texture that is impossible to reproduce artificially.<br \/>\n<\/span><\/p>\n<p class=\"p1\"><span class=\"s1\">The charm of a material born in the mists of time is enhanced with modern design, technology, materials and manufacturing techniques. The result is our collection of hand-crafted furntiture and accessories, unique objects shaped by nature over thousands of years and interpreted in a contemporary key by teukh\u00f2. Get hold of a unique work, produced with a wood from a bygone era:<\/span><\/p>\n<p class=\"p1\"><strong><span class=\"s1\">Are you ready to start this journey with us?<\/span><\/strong><\/p>\n<p class=\"p1\"><span class=\"s1\">\u00a0<\/span><\/p>\n<p>[\/et_pb_text][et_pb_gallery gallery_ids=&#8221;364,365,366&#8243; fullwidth=&#8221;on&#8221; _builder_version=&#8221;4.4.5&#8243; auto=&#8221;on&#8221; auto_speed=&#8221;2000&#8243; custom_css_overlay=&#8221;display: none;&#8221; custom_css_overlay_icon=&#8221;display: none;&#8221;][\/et_pb_gallery][\/et_pb_column][\/et_pb_row][\/et_pb_section]<\/p>\n","protected":false},"excerpt":{"rendered":"<p>Design, sculpted by time. Design, sculpted by time. The value of everything equals the amount of time it took you to get it. \u2013Henry David Thoreau ( Ancient Greek. Proto-Indo-European thematic training from the root * d\u02b0\u00e9wg\u02b0ti. Word: to do, to create, to create artfully, to create through a service.\u00a0 )Design and furniture in fossil [&hellip;]<\/p>\n","protected":false},"author":1,"featured_media":0,"parent":0,"menu_order":0,"comment_status":"closed","ping_status":"closed","template":"","meta":{"_et_pb_use_builder":"on","_et_pb_old_content":"","_et_gb_content_width":"","footnotes":""},"class_list":["post-397","page","type-page","status-publish","hentry"],"yoast_head":"<!-- This site is optimized with the Yoast SEO plugin v27.2 - https:\/\/yoast.com\/product\/yoast-seo-wordpress\/ -->\n<title>About us &#8212; te\u00fakh\u014d Design and furniture in fossil wood<\/title>\n<meta name=\"description\" content=\"Te\u00fakh\u014d designs and manufactures unique pieces of furniture in fossil wood, creating surprising designs with a millennial material. Design, sculpted by time.\" \/>\n<meta name=\"robots\" content=\"index, follow, max-snippet:-1, max-image-preview:large, max-video-preview:-1\" \/>\n<link rel=\"canonical\" href=\"https:\/\/www.teukho.com\/en\/about-us\/\" \/>\n<meta property=\"og:locale\" content=\"en_US\" \/>\n<meta property=\"og:type\" content=\"article\" \/>\n<meta property=\"og:title\" content=\"About us &#8212; te\u00fakh\u014d Design and furniture in fossil wood\" \/>\n<meta property=\"og:description\" content=\"Te\u00fakh\u014d designs and manufactures unique pieces of furniture in fossil wood, creating surprising designs with a millennial material. Design, sculpted by time.\" \/>\n<meta property=\"og:url\" content=\"https:\/\/www.teukho.com\/en\/about-us\/\" \/>\n<meta property=\"og:site_name\" content=\"te\u00fakh\u014d\" \/>\n<meta property=\"article:modified_time\" content=\"2020-10-08T12:47:15+00:00\" \/>\n<meta property=\"og:image\" content=\"https:\/\/www.teukho.com\/wp-content\/uploads\/2020\/05\/Logo-teu\u0301kho-DEF-700gray-300x109.png\" \/>\n<meta name=\"twitter:card\" content=\"summary_large_image\" \/>\n<meta name=\"twitter:label1\" content=\"Est. reading time\" \/>\n\t<meta name=\"twitter:data1\" content=\"4 minutes\" \/>\n<script type=\"application\/ld+json\" class=\"yoast-schema-graph\">{\"@context\":\"https:\/\/schema.org\",\"@graph\":[{\"@type\":\"WebPage\",\"@id\":\"https:\/\/www.teukho.com\/en\/about-us\/\",\"url\":\"https:\/\/www.teukho.com\/en\/about-us\/\",\"name\":\"About us &#8212; te\u00fakh\u014d Design and furniture in fossil wood\",\"isPartOf\":{\"@id\":\"https:\/\/www.teukho.com\/#website\"},\"datePublished\":\"2020-05-25T18:21:41+00:00\",\"dateModified\":\"2020-10-08T12:47:15+00:00\",\"description\":\"Te\u00fakh\u014d designs and manufactures unique pieces of furniture in fossil wood, creating surprising designs with a millennial material. Design, sculpted by time.\",\"breadcrumb\":{\"@id\":\"https:\/\/www.teukho.com\/en\/about-us\/#breadcrumb\"},\"inLanguage\":\"en-US\",\"potentialAction\":[{\"@type\":\"ReadAction\",\"target\":[\"https:\/\/www.teukho.com\/en\/about-us\/\"]}]},{\"@type\":\"BreadcrumbList\",\"@id\":\"https:\/\/www.teukho.com\/en\/about-us\/#breadcrumb\",\"itemListElement\":[{\"@type\":\"ListItem\",\"position\":1,\"name\":\"Home\",\"item\":\"https:\/\/www.teukho.com\/\"},{\"@type\":\"ListItem\",\"position\":2,\"name\":\"About us\"}]},{\"@type\":\"WebSite\",\"@id\":\"https:\/\/www.teukho.com\/#website\",\"url\":\"https:\/\/www.teukho.com\/\",\"name\":\"te\u00fakh\u014d\",\"description\":\"scolpito dal tempo\",\"potentialAction\":[{\"@type\":\"SearchAction\",\"target\":{\"@type\":\"EntryPoint\",\"urlTemplate\":\"https:\/\/www.teukho.com\/?s={search_term_string}\"},\"query-input\":{\"@type\":\"PropertyValueSpecification\",\"valueRequired\":true,\"valueName\":\"search_term_string\"}}],\"inLanguage\":\"en-US\"}]}<\/script>\n<!-- \/ Yoast SEO plugin. -->","yoast_head_json":{"title":"About us &#8212; te\u00fakh\u014d Design and furniture in fossil wood","description":"Te\u00fakh\u014d designs and manufactures unique pieces of furniture in fossil wood, creating surprising designs with a millennial material. Design, sculpted by time.","robots":{"index":"index","follow":"follow","max-snippet":"max-snippet:-1","max-image-preview":"max-image-preview:large","max-video-preview":"max-video-preview:-1"},"canonical":"https:\/\/www.teukho.com\/en\/about-us\/","og_locale":"en_US","og_type":"article","og_title":"About us &#8212; te\u00fakh\u014d Design and furniture in fossil wood","og_description":"Te\u00fakh\u014d designs and manufactures unique pieces of furniture in fossil wood, creating surprising designs with a millennial material. Design, sculpted by time.","og_url":"https:\/\/www.teukho.com\/en\/about-us\/","og_site_name":"te\u00fakh\u014d","article_modified_time":"2020-10-08T12:47:15+00:00","og_image":[{"url":"https:\/\/www.teukho.com\/wp-content\/uploads\/2020\/05\/Logo-teu\u0301kho-DEF-700gray-300x109.png","type":"","width":"","height":""}],"twitter_card":"summary_large_image","twitter_misc":{"Est. reading time":"4 minutes"},"schema":{"@context":"https:\/\/schema.org","@graph":[{"@type":"WebPage","@id":"https:\/\/www.teukho.com\/en\/about-us\/","url":"https:\/\/www.teukho.com\/en\/about-us\/","name":"About us &#8212; te\u00fakh\u014d Design and furniture in fossil wood","isPartOf":{"@id":"https:\/\/www.teukho.com\/#website"},"datePublished":"2020-05-25T18:21:41+00:00","dateModified":"2020-10-08T12:47:15+00:00","description":"Te\u00fakh\u014d designs and manufactures unique pieces of furniture in fossil wood, creating surprising designs with a millennial material. Design, sculpted by time.","breadcrumb":{"@id":"https:\/\/www.teukho.com\/en\/about-us\/#breadcrumb"},"inLanguage":"en-US","potentialAction":[{"@type":"ReadAction","target":["https:\/\/www.teukho.com\/en\/about-us\/"]}]},{"@type":"BreadcrumbList","@id":"https:\/\/www.teukho.com\/en\/about-us\/#breadcrumb","itemListElement":[{"@type":"ListItem","position":1,"name":"Home","item":"https:\/\/www.teukho.com\/"},{"@type":"ListItem","position":2,"name":"About us"}]},{"@type":"WebSite","@id":"https:\/\/www.teukho.com\/#website","url":"https:\/\/www.teukho.com\/","name":"te\u00fakh\u014d","description":"scolpito dal tempo","potentialAction":[{"@type":"SearchAction","target":{"@type":"EntryPoint","urlTemplate":"https:\/\/www.teukho.com\/?s={search_term_string}"},"query-input":{"@type":"PropertyValueSpecification","valueRequired":true,"valueName":"search_term_string"}}],"inLanguage":"en-US"}]}},"_links":{"self":[{"href":"https:\/\/www.teukho.com\/en\/wp-json\/wp\/v2\/pages\/397","targetHints":{"allow":["GET"]}}],"collection":[{"href":"https:\/\/www.teukho.com\/en\/wp-json\/wp\/v2\/pages"}],"about":[{"href":"https:\/\/www.teukho.com\/en\/wp-json\/wp\/v2\/types\/page"}],"author":[{"embeddable":true,"href":"https:\/\/www.teukho.com\/en\/wp-json\/wp\/v2\/users\/1"}],"replies":[{"embeddable":true,"href":"https:\/\/www.teukho.com\/en\/wp-json\/wp\/v2\/comments?post=397"}],"version-history":[{"count":0,"href":"https:\/\/www.teukho.com\/en\/wp-json\/wp\/v2\/pages\/397\/revisions"}],"wp:attachment":[{"href":"https:\/\/www.teukho.com\/en\/wp-json\/wp\/v2\/media?parent=397"}],"curies":[{"name":"wp","href":"https:\/\/api.w.org\/{rel}","templated":true}]}}