{"id":403,"date":"2020-05-25T22:37:42","date_gmt":"2020-05-25T20:37:42","guid":{"rendered":"https:\/\/teukho.com\/contacts\/"},"modified":"2024-02-07T12:38:01","modified_gmt":"2024-02-07T11:38:01","slug":"contacts","status":"publish","type":"page","link":"https:\/\/www.teukho.com\/en\/contacts\/","title":{"rendered":"Contacts"},"content":{"rendered":"<p>[et_pb_section fb_built=&#8221;1&#8243; fullwidth=&#8221;on&#8221; _builder_version=&#8221;4.16&#8243; background_color=&#8221;#1f1f1c&#8221; global_colors_info=&#8221;{}&#8221;][et_pb_fullwidth_slider show_arrows=&#8221;off&#8221; _builder_version=&#8221;4.23&#8243; height_tablet=&#8221;63vh&#8221; height_phone=&#8221;58vh&#8221; height_last_edited=&#8221;on|phone&#8221; custom_padding=&#8221;334px||350px|||&#8221; custom_padding_tablet=&#8221;280px||||false|false&#8221; custom_padding_phone=&#8221;250px||280px||false|false&#8221; custom_padding_last_edited=&#8221;on|tablet&#8221; auto=&#8221;on&#8221; auto_ignore_hover=&#8221;on&#8221; hover_transition_duration=&#8221;900ms&#8221; custom_css_slide_description=&#8221;animation-name: none;&#8221; custom_css_slide_image=&#8221;animation-name: none;&#8221; global_colors_info=&#8221;{}&#8221;][et_pb_slide use_bg_overlay=&#8221;on&#8221; bg_overlay_color=&#8221;rgba(31,31,28,0.6)&#8221; _builder_version=&#8221;4.23&#8243; body_font=&#8221;Montserrat||||||||&#8221; body_font_size=&#8221;2.7em&#8221; body_line_height=&#8221;1.3em&#8221; background_image=&#8221;https:\/\/www.teukho.com\/wp-content\/uploads\/2020\/04\/teu\u0301kho\u0304-slide-parmenide-01.jpg&#8221; background_enable_image=&#8221;on&#8221; body_font_size_tablet=&#8221;2em&#8221; body_font_size_phone=&#8221;1.4em&#8221; body_font_size_last_edited=&#8221;on|phone&#8221; global_colors_info=&#8221;{}&#8221; sticky_transition=&#8221;on&#8221;]<\/p>\n<p>te\u00fakh\u014d, do you want to know more?<br \/>Write to us or come and visit us.\u00a0<\/p>\n<p>[\/et_pb_slide][et_pb_slide use_bg_overlay=&#8221;on&#8221; bg_overlay_color=&#8221;rgba(31,31,28,0.6)&#8221; _builder_version=&#8221;4.23&#8243; body_font=&#8221;Montserrat||||||||&#8221; body_font_size=&#8221;2.4em&#8221; background_image=&#8221;https:\/\/www.teukho.com\/wp-content\/uploads\/2020\/04\/teu\u0301kho\u0304-about-root.jpg&#8221; background_enable_image=&#8221;on&#8221; body_font_size_tablet=&#8221;2em&#8221; body_font_size_phone=&#8221;1.7em&#8221; body_font_size_last_edited=&#8221;on|tablet&#8221; global_colors_info=&#8221;{}&#8221; sticky_transition=&#8221;on&#8221;]<\/p>\n<p>te\u00fakh\u014d, discover the magic of fossil oak.<\/p>\n<p>[\/et_pb_slide][\/et_pb_fullwidth_slider][\/et_pb_section][et_pb_section fb_built=&#8221;1&#8243; admin_label=&#8221;contatti&#8221; _builder_version=&#8221;4.16&#8243; background_color=&#8221;#1f1f1c&#8221; global_colors_info=&#8221;{}&#8221;][et_pb_row column_structure=&#8221;2_5,3_5&#8243; _builder_version=&#8221;4.23&#8243; width=&#8221;95%&#8221; width_tablet=&#8221;95%&#8221; width_phone=&#8221;98%&#8221; width_last_edited=&#8221;on|phone&#8221; max_width=&#8221;77%&#8221; max_width_tablet=&#8221;77%&#8221; max_width_phone=&#8221;92%&#8221; max_width_last_edited=&#8221;on|phone&#8221; custom_padding=&#8221;5px|||||&#8221; global_colors_info=&#8221;{}&#8221;][et_pb_column type=&#8221;2_5&#8243; _builder_version=&#8221;4.16&#8243; global_colors_info=&#8221;{}&#8221;][et_pb_text _builder_version=&#8221;4.16&#8243; text_font_size=&#8221;1.2em&#8221; text_line_height=&#8221;1.8em&#8221; custom_padding=&#8221;40px||35px||false|false&#8221; text_letter_spacing_tablet=&#8221;&#8221; text_letter_spacing_phone=&#8221;-1px&#8221; text_letter_spacing_last_edited=&#8221;on|phone&#8221; text_orientation_tablet=&#8221;&#8221; text_orientation_phone=&#8221;&#8221; text_orientation_last_edited=&#8221;on|phone&#8221; global_colors_info=&#8221;{}&#8221;]<\/p>\n<h3>Request more information<\/h3>\n<p class=\"p1\"><span class=\"s1\">Our customer service representatives are at your disposal for any requests, quotes or additional information. Please fill out the form on this page and our team will contact you as soon as possible.<strong> We will not send you any spam.<\/strong><\/span><\/p>\n<p>&nbsp;<\/p>\n<h3>te\u00fakh\u014d<\/h3>\n<p>a Garzitto srl project<\/p>\n<h3>Headquarters<\/h3>\n<p>Via San Mauro, 31 33050 Percoto, Udine (Ud) \u2013 Italy <a href=\"tel:+390432676388\">phone. +39 0432 676388<\/a><\/p>\n<p>[\/et_pb_text][\/et_pb_column][et_pb_column type=&#8221;3_5&#8243; _builder_version=&#8221;4.16&#8243; global_colors_info=&#8221;{}&#8221;][et_pb_contact_form captcha=&#8221;off&#8221; email=&#8221;info@teukho.com&#8221; custom_message=&#8221;Contatto dal sito teukho teukho:||et_pb_line_break_holder||Sig. %%Name%% %%cognome%%||et_pb_line_break_holder||email inserita: %%Email%%||et_pb_line_break_holder||telefono:  %%tel%%||et_pb_line_break_holder||citt\u00e0: %%city%%||et_pb_line_break_holder||||et_pb_line_break_holder||Messaggio opzionale:||et_pb_line_break_holder||%%Message%%||et_pb_line_break_holder||||et_pb_line_break_holder||n.b. il form non pu\u00f2 controllare la validit\u00e0 dei dati inseriti.&#8221; success_message=&#8221;Thank you for writing to us, you will be contacted soon!&#8221; _builder_version=&#8221;4.24.0&#8243; _module_preset=&#8221;default&#8221; _unique_id=&#8221;02f4ae1f-096c-4ffe-ad94-3270d70b3812&#8243; background_color=&#8221;rgba(0,0,0,0.54)&#8221; custom_padding=&#8221;36px|28px|24px|28px|false|true&#8221; hover_enabled=&#8221;0&#8243; border_radii=&#8221;on|3px|3px|3px|3px&#8221; locked=&#8221;off&#8221; global_colors_info=&#8221;{}&#8221; form_field_focus_background_color=&#8221;#ddc9b8&#8243; sticky_enabled=&#8221;0&#8243;][et_pb_contact_field field_id=&#8221;Name&#8221; field_title=&#8221;Name *&#8221; _builder_version=&#8221;4.23.1&#8243; global_colors_info=&#8221;{}&#8221; button_text_size__hover_enabled=&#8221;off&#8221; button_one_text_size__hover_enabled=&#8221;off&#8221; button_two_text_size__hover_enabled=&#8221;off&#8221; button_text_color__hover_enabled=&#8221;off&#8221; button_one_text_color__hover_enabled=&#8221;off&#8221; button_two_text_color__hover_enabled=&#8221;off&#8221; button_border_width__hover_enabled=&#8221;off&#8221; button_one_border_width__hover_enabled=&#8221;off&#8221; button_two_border_width__hover_enabled=&#8221;off&#8221; button_border_color__hover_enabled=&#8221;off&#8221; button_one_border_color__hover_enabled=&#8221;off&#8221; button_two_border_color__hover_enabled=&#8221;off&#8221; button_border_radius__hover_enabled=&#8221;off&#8221; button_one_border_radius__hover_enabled=&#8221;off&#8221; button_two_border_radius__hover_enabled=&#8221;off&#8221; button_letter_spacing__hover_enabled=&#8221;off&#8221; button_one_letter_spacing__hover_enabled=&#8221;off&#8221; button_two_letter_spacing__hover_enabled=&#8221;off&#8221; button_bg_color__hover_enabled=&#8221;off&#8221; button_one_bg_color__hover_enabled=&#8221;off&#8221; button_two_bg_color__hover_enabled=&#8221;off&#8221;][\/et_pb_contact_field][et_pb_contact_field field_id=&#8221;cognome&#8221; field_title=&#8221;Last Name *&#8221; _builder_version=&#8221;4.23.1&#8243; _module_preset=&#8221;default&#8221; global_colors_info=&#8221;{}&#8221;][\/et_pb_contact_field][et_pb_contact_field field_id=&#8221;Email&#8221; field_title=&#8221;Your e-mail *&#8221; field_type=&#8221;email&#8221; _builder_version=&#8221;4.23.1&#8243; global_colors_info=&#8221;{}&#8221; button_text_size__hover_enabled=&#8221;off&#8221; button_one_text_size__hover_enabled=&#8221;off&#8221; button_two_text_size__hover_enabled=&#8221;off&#8221; button_text_color__hover_enabled=&#8221;off&#8221; button_one_text_color__hover_enabled=&#8221;off&#8221; button_two_text_color__hover_enabled=&#8221;off&#8221; button_border_width__hover_enabled=&#8221;off&#8221; button_one_border_width__hover_enabled=&#8221;off&#8221; button_two_border_width__hover_enabled=&#8221;off&#8221; button_border_color__hover_enabled=&#8221;off&#8221; button_one_border_color__hover_enabled=&#8221;off&#8221; button_two_border_color__hover_enabled=&#8221;off&#8221; button_border_radius__hover_enabled=&#8221;off&#8221; button_one_border_radius__hover_enabled=&#8221;off&#8221; button_two_border_radius__hover_enabled=&#8221;off&#8221; button_letter_spacing__hover_enabled=&#8221;off&#8221; button_one_letter_spacing__hover_enabled=&#8221;off&#8221; button_two_letter_spacing__hover_enabled=&#8221;off&#8221; button_bg_color__hover_enabled=&#8221;off&#8221; button_one_bg_color__hover_enabled=&#8221;off&#8221; button_two_bg_color__hover_enabled=&#8221;off&#8221;][\/et_pb_contact_field][et_pb_contact_field field_id=&#8221;tel&#8221; field_title=&#8221;Phone (only numbers)&#8221; allowed_symbols=&#8221;numbers&#8221; required_mark=&#8221;off&#8221; _builder_version=&#8221;4.23.1&#8243; _module_preset=&#8221;default&#8221; global_colors_info=&#8221;{}&#8221;][\/et_pb_contact_field][et_pb_contact_field field_id=&#8221;city&#8221; field_title=&#8221;City *&#8221; fullwidth_field=&#8221;on&#8221; _builder_version=&#8221;4.24.0&#8243; _module_preset=&#8221;default&#8221; global_colors_info=&#8221;{}&#8221;][\/et_pb_contact_field][et_pb_contact_field field_id=&#8221;Message&#8221; field_title=&#8221;Optional message&#8221; field_type=&#8221;text&#8221; fullwidth_field=&#8221;on&#8221; _builder_version=&#8221;4.23.1&#8243; global_colors_info=&#8221;{}&#8221; button_text_size__hover_enabled=&#8221;off&#8221; button_one_text_size__hover_enabled=&#8221;off&#8221; button_two_text_size__hover_enabled=&#8221;off&#8221; button_text_color__hover_enabled=&#8221;off&#8221; button_one_text_color__hover_enabled=&#8221;off&#8221; button_two_text_color__hover_enabled=&#8221;off&#8221; button_border_width__hover_enabled=&#8221;off&#8221; button_one_border_width__hover_enabled=&#8221;off&#8221; button_two_border_width__hover_enabled=&#8221;off&#8221; button_border_color__hover_enabled=&#8221;off&#8221; button_one_border_color__hover_enabled=&#8221;off&#8221; button_two_border_color__hover_enabled=&#8221;off&#8221; button_border_radius__hover_enabled=&#8221;off&#8221; button_one_border_radius__hover_enabled=&#8221;off&#8221; button_two_border_radius__hover_enabled=&#8221;off&#8221; button_letter_spacing__hover_enabled=&#8221;off&#8221; button_one_letter_spacing__hover_enabled=&#8221;off&#8221; button_two_letter_spacing__hover_enabled=&#8221;off&#8221; button_bg_color__hover_enabled=&#8221;off&#8221; button_one_bg_color__hover_enabled=&#8221;off&#8221; button_two_bg_color__hover_enabled=&#8221;off&#8221;][\/et_pb_contact_field][\/et_pb_contact_form][dvppl_cf7_styler form_bg=&#8221;RGBA(255,255,255,0)&#8221; form_padding=&#8221;0px|0px|0px|0px|false|false&#8221; cf7=&#8221;240781&#8243; form_field_padding=&#8221;10px|15px|9px|42px|false|false&#8221; form_background_color=&#8221;#e8e8e8&#8243; form_field_spacing=&#8221;6px&#8221; cr_custom_styles=&#8221;on&#8221; cf7_message_color=&#8221;#1F1F1C&#8221; cf7_error_message_color=&#8221;#ff8563&#8243; form_field_spacing_tablet=&#8221;9px&#8221; form_field_spacing_phone=&#8221;3px&#8221; form_field_spacing_last_edited=&#8221;on|desktop&#8221; disabled_on=&#8221;on|on|on&#8221; _builder_version=&#8221;4.23&#8243; _module_preset=&#8221;default&#8221; form_field_font_font=&#8221;Montserrat||||||||&#8221; form_field_font_text_color=&#8221;#4C4236&#8243; labels_font=&#8221;Montserrat|||on|||||&#8221; labels_text_color=&#8221;#bf9b80&#8243; placeholder_text_color=&#8221;#A0816E&#8221; background_color=&#8221;rgba(0,0,0,0.39)&#8221; custom_submit_button=&#8221;on&#8221; submit_button_text_size=&#8221;20px&#8221; submit_button_text_color=&#8221;#FFFFFF&#8221; submit_button_bg_color=&#8221;#9F826C&#8221; submit_button_border_color=&#8221;#4C4236&#8243; submit_button_font=&#8221;Montserrat|||on|||||&#8221; width=&#8221;92%&#8221; width_tablet=&#8221;92%&#8221; width_phone=&#8221;92%&#8221; width_last_edited=&#8221;on|phone&#8221; max_width=&#8221;92%&#8221; max_width_tablet=&#8221;97%&#8221; max_width_phone=&#8221;98%&#8221; max_width_last_edited=&#8221;on|tablet&#8221; module_alignment=&#8221;center&#8221; custom_padding=&#8221;25px|32px|25px|32px|true|true&#8221; border_radii=&#8221;on|7px|7px|7px|7px&#8221; border_radii_field=&#8221;on|4px|4px|4px|4px&#8221; border_color_all_field=&#8221;#9F826C&#8221; disabled=&#8221;on&#8221; locked=&#8221;off&#8221; global_colors_info=&#8221;{}&#8221;][\/dvppl_cf7_styler][\/et_pb_column][\/et_pb_row][\/et_pb_section][et_pb_section fb_built=&#8221;1&#8243; fullwidth=&#8221;on&#8221; admin_label=&#8221;mappa&#8221; _builder_version=&#8221;4.16&#8243; global_colors_info=&#8221;{}&#8221;][et_pb_fullwidth_map address=&#8221;Via S. Mauro, 31, 33050 Pavia di Udine UD, Italia&#8221; zoom_level=&#8221;14&#8243; address_lat=&#8221;45.9798066&#8243; address_lng=&#8221;13.31731&#8243; disabled_on=&#8221;on|on|on&#8221; _builder_version=&#8221;4.16&#8243; height=&#8221;601px&#8221; child_filter_saturate=&#8221;38%&#8221; child_filter_contrast=&#8221;97%&#8221; disabled=&#8221;on&#8221; global_colors_info=&#8221;{}&#8221;][et_pb_map_pin title=&#8221;te\u00fakh\u014d&#8221; pin_address=&#8221;Via S. Mauro, 33, 33050 Percoto UD, Italia&#8221; zoom_level=&#8221;16&#8243; pin_address_lat=&#8221;45.979314528521&#8243; pin_address_lng=&#8221;13.314692164001&#8243; _builder_version=&#8221;4.4.5&#8243; global_colors_info=&#8221;{}&#8221;][\/et_pb_map_pin][\/et_pb_fullwidth_map][et_pb_fullwidth_code _builder_version=&#8221;4.21.0&#8243; _module_preset=&#8221;default&#8221; height=&#8221;34vh&#8221; global_colors_info=&#8221;{}&#8221;]<div class=\"leaflet-map WPLeafletMap\" style=\"height:420px; width:100%;\"><\/div><script>\nwindow.WPLeafletMapPlugin = window.WPLeafletMapPlugin || [];\nwindow.WPLeafletMapPlugin.push(function WPLeafletMapShortcode() {\/*<script>*\/\nvar baseUrl = atob('aHR0cHM6Ly97c30udGlsZS5vcGVuc3RyZWV0bWFwLm9yZy97en0ve3h9L3t5fS5wbmc=');\nvar base = (!baseUrl && window.MQ) ?\n    window.MQ.mapLayer() : L.tileLayer(baseUrl,\n        L.Util.extend({}, {\n            detectRetina: 0,\n        },\n        {\"subdomains\":\"abc\",\"noWrap\":false,\"maxZoom\":19}        )\n    );\n    var options = L.Util.extend({}, {\n        layers: [base],\n        attributionControl: false\n    },\n    {\"zoomControl\":true,\"scrollWheelZoom\":true,\"doubleClickZoom\":true,\"fitBounds\":false,\"minZoom\":3,\"maxZoom\":19,\"maxBounds\":null,\"attribution\":\"<a href=\\\"http:\\\/\\\/leafletjs.com\\\" title=\\\"A JS library for interactive maps\\\">Leaflet<\\\/a>; \\u00a9 <a href=\\\"http:\\\/\\\/www.openstreetmap.org\\\/copyright\\\">OpenStreetMap<\\\/a> contributors\"},\n    {});\nwindow.WPLeafletMapPlugin.createMap(options).setView([45.98014372965,13.313970565796],14);});<\/script><!-- [et_pb_line_break_holder] --><script>\nwindow.WPLeafletMapPlugin = window.WPLeafletMapPlugin || [];\nwindow.WPLeafletMapPlugin.push(function WPLeafletMarkerShortcode() {\/*<script>*\/\nvar map = window.WPLeafletMapPlugin.getCurrentMap();\nvar group = window.WPLeafletMapPlugin.getCurrentGroup();\nvar marker_options = window.WPLeafletMapPlugin.getIconOptions({});\nvar marker = L.marker(\n    [45.97960765028,13.316030502319],\n    marker_options\n);\nvar is_image = map.is_image_map;\nif (marker_options.draggable) {\n    marker.on('dragend', function () {\n        var latlng = this.getLatLng();\n        var lat = latlng.lat;\n        var lng = latlng.lng;\n        if (is_image) {\n            console.log('leaflet-marker y=' + lat + ' x=' + lng);\n        } else {\n            console.log('leaflet-marker lat=' + lat + ' lng=' + lng);\n        }\n    });\n}\nmarker.addTo( group );\nmarker.bindPopup(window.WPLeafletMapPlugin.unescape('Teu\u0301kho\u0304 Headquarters')).openPopup();window.WPLeafletMapPlugin.markers.push( marker );\n        });<\/script><!-- [et_pb_line_break_holder] -->[\/et_pb_fullwidth_code][\/et_pb_section]<\/p>\n","protected":false},"excerpt":{"rendered":"<p>te\u00fakh\u014d, do you want to know more?Write to us or come and visit us.\u00a0te\u00fakh\u014d, discover the magic of fossil oak.Request more information Our customer service representatives are at your disposal for any requests, quotes or additional information. Please fill out the form on this page and our team will contact you as soon as possible. [&hellip;]<\/p>\n","protected":false},"author":1,"featured_media":0,"parent":0,"menu_order":0,"comment_status":"closed","ping_status":"closed","template":"","meta":{"_et_pb_use_builder":"on","_et_pb_old_content":"","_et_gb_content_width":"","footnotes":""},"class_list":["post-403","page","type-page","status-publish","hentry"],"yoast_head":"<!-- This site is optimized with the Yoast SEO plugin v27.2 - https:\/\/yoast.com\/product\/yoast-seo-wordpress\/ -->\n<title>Contacts &#8212; te\u00fakh\u014d<\/title>\n<meta name=\"robots\" content=\"index, follow, max-snippet:-1, max-image-preview:large, max-video-preview:-1\" \/>\n<link rel=\"canonical\" href=\"https:\/\/www.teukho.com\/contatti\/\" \/>\n<meta property=\"og:locale\" content=\"en_US\" \/>\n<meta property=\"og:type\" content=\"article\" \/>\n<meta property=\"og:title\" content=\"Contacts &#8212; te\u00fakh\u014d\" \/>\n<meta property=\"og:description\" content=\"te\u00fakh\u014d, do you want to know more?Write to us or come and visit us.\u00a0te\u00fakh\u014d, discover the magic of fossil oak.Request more information Our customer service representatives are at your disposal for any requests, quotes or additional information. Please fill out the form on this page and our team will contact you as soon as possible. [&hellip;]\" \/>\n<meta property=\"og:url\" content=\"https:\/\/www.teukho.com\/contatti\/\" \/>\n<meta property=\"og:site_name\" content=\"te\u00fakh\u014d\" \/>\n<meta property=\"article:modified_time\" content=\"2024-02-07T11:38:01+00:00\" \/>\n<meta name=\"twitter:card\" content=\"summary_large_image\" \/>\n<meta name=\"twitter:label1\" content=\"Est. reading time\" \/>\n\t<meta name=\"twitter:data1\" content=\"7 minutes\" \/>\n<script type=\"application\/ld+json\" class=\"yoast-schema-graph\">{\"@context\":\"https:\/\/schema.org\",\"@graph\":[{\"@type\":\"WebPage\",\"@id\":\"https:\/\/www.teukho.com\/contatti\/\",\"url\":\"https:\/\/www.teukho.com\/contatti\/\",\"name\":\"Contacts &#8212; te\u00fakh\u014d\",\"isPartOf\":{\"@id\":\"https:\/\/www.teukho.com\/#website\"},\"datePublished\":\"2020-05-25T20:37:42+00:00\",\"dateModified\":\"2024-02-07T11:38:01+00:00\",\"breadcrumb\":{\"@id\":\"https:\/\/www.teukho.com\/contatti\/#breadcrumb\"},\"inLanguage\":\"en-US\",\"potentialAction\":[{\"@type\":\"ReadAction\",\"target\":[\"https:\/\/www.teukho.com\/contatti\/\"]}]},{\"@type\":\"BreadcrumbList\",\"@id\":\"https:\/\/www.teukho.com\/contatti\/#breadcrumb\",\"itemListElement\":[{\"@type\":\"ListItem\",\"position\":1,\"name\":\"Home\",\"item\":\"https:\/\/www.teukho.com\/\"},{\"@type\":\"ListItem\",\"position\":2,\"name\":\"Contacts\"}]},{\"@type\":\"WebSite\",\"@id\":\"https:\/\/www.teukho.com\/#website\",\"url\":\"https:\/\/www.teukho.com\/\",\"name\":\"te\u00fakh\u014d\",\"description\":\"scolpito dal tempo\",\"potentialAction\":[{\"@type\":\"SearchAction\",\"target\":{\"@type\":\"EntryPoint\",\"urlTemplate\":\"https:\/\/www.teukho.com\/?s={search_term_string}\"},\"query-input\":{\"@type\":\"PropertyValueSpecification\",\"valueRequired\":true,\"valueName\":\"search_term_string\"}}],\"inLanguage\":\"en-US\"}]}<\/script>\n<!-- \/ Yoast SEO plugin. -->","yoast_head_json":{"title":"Contacts &#8212; te\u00fakh\u014d","robots":{"index":"index","follow":"follow","max-snippet":"max-snippet:-1","max-image-preview":"max-image-preview:large","max-video-preview":"max-video-preview:-1"},"canonical":"https:\/\/www.teukho.com\/contatti\/","og_locale":"en_US","og_type":"article","og_title":"Contacts &#8212; te\u00fakh\u014d","og_description":"te\u00fakh\u014d, do you want to know more?Write to us or come and visit us.\u00a0te\u00fakh\u014d, discover the magic of fossil oak.Request more information Our customer service representatives are at your disposal for any requests, quotes or additional information. Please fill out the form on this page and our team will contact you as soon as possible. [&hellip;]","og_url":"https:\/\/www.teukho.com\/contatti\/","og_site_name":"te\u00fakh\u014d","article_modified_time":"2024-02-07T11:38:01+00:00","twitter_card":"summary_large_image","twitter_misc":{"Est. reading time":"7 minutes"},"schema":{"@context":"https:\/\/schema.org","@graph":[{"@type":"WebPage","@id":"https:\/\/www.teukho.com\/contatti\/","url":"https:\/\/www.teukho.com\/contatti\/","name":"Contacts &#8212; te\u00fakh\u014d","isPartOf":{"@id":"https:\/\/www.teukho.com\/#website"},"datePublished":"2020-05-25T20:37:42+00:00","dateModified":"2024-02-07T11:38:01+00:00","breadcrumb":{"@id":"https:\/\/www.teukho.com\/contatti\/#breadcrumb"},"inLanguage":"en-US","potentialAction":[{"@type":"ReadAction","target":["https:\/\/www.teukho.com\/contatti\/"]}]},{"@type":"BreadcrumbList","@id":"https:\/\/www.teukho.com\/contatti\/#breadcrumb","itemListElement":[{"@type":"ListItem","position":1,"name":"Home","item":"https:\/\/www.teukho.com\/"},{"@type":"ListItem","position":2,"name":"Contacts"}]},{"@type":"WebSite","@id":"https:\/\/www.teukho.com\/#website","url":"https:\/\/www.teukho.com\/","name":"te\u00fakh\u014d","description":"scolpito dal tempo","potentialAction":[{"@type":"SearchAction","target":{"@type":"EntryPoint","urlTemplate":"https:\/\/www.teukho.com\/?s={search_term_string}"},"query-input":{"@type":"PropertyValueSpecification","valueRequired":true,"valueName":"search_term_string"}}],"inLanguage":"en-US"}]}},"_links":{"self":[{"href":"https:\/\/www.teukho.com\/en\/wp-json\/wp\/v2\/pages\/403","targetHints":{"allow":["GET"]}}],"collection":[{"href":"https:\/\/www.teukho.com\/en\/wp-json\/wp\/v2\/pages"}],"about":[{"href":"https:\/\/www.teukho.com\/en\/wp-json\/wp\/v2\/types\/page"}],"author":[{"embeddable":true,"href":"https:\/\/www.teukho.com\/en\/wp-json\/wp\/v2\/users\/1"}],"replies":[{"embeddable":true,"href":"https:\/\/www.teukho.com\/en\/wp-json\/wp\/v2\/comments?post=403"}],"version-history":[{"count":0,"href":"https:\/\/www.teukho.com\/en\/wp-json\/wp\/v2\/pages\/403\/revisions"}],"wp:attachment":[{"href":"https:\/\/www.teukho.com\/en\/wp-json\/wp\/v2\/media?parent=403"}],"curies":[{"name":"wp","href":"https:\/\/api.w.org\/{rel}","templated":true}]}}