{"id":842,"date":"2020-09-21T22:41:25","date_gmt":"2020-09-21T20:41:25","guid":{"rendered":"https:\/\/teukho.com\/floors\/"},"modified":"2023-11-04T10:35:54","modified_gmt":"2023-11-04T09:35:54","slug":"floors","status":"publish","type":"page","link":"https:\/\/www.teukho.com\/en\/floors\/","title":{"rendered":"Floors"},"content":{"rendered":"<p>[et_pb_section fb_built=&#8221;1&#8243; fullwidth=&#8221;on&#8221; _builder_version=&#8221;4.16&#8243; background_color=&#8221;#1f1f1c&#8221; global_colors_info=&#8221;{}&#8221;][et_pb_fullwidth_header title=&#8221;STEP ON HISTORY, WITH KINDNESS&#8221; text_orientation=&#8221;center&#8221; header_fullscreen=&#8221;on&#8221; header_scroll_down=&#8221;on&#8221; scroll_down_icon=&#8221;%%2%%&#8221; scroll_down_icon_color=&#8221;#a0816e&#8221; scroll_down_icon_size=&#8221;42px&#8221; disabled_on=&#8221;on|off|off&#8221; _builder_version=&#8221;4.17.4&#8243; title_font_size=&#8221;2.4em&#8221; background_color=&#8221;#1f1f1c&#8221; background_image=&#8221;https:\/\/www.teukho.com\/wp-content\/uploads\/2022\/07\/teu\u0301kho\u0304-patos-hero.jpg&#8221; parallax=&#8221;on&#8221; title_font_size_tablet=&#8221;2.1em&#8221; title_font_size_phone=&#8221;1.4em&#8221; title_font_size_last_edited=&#8221;on|desktop&#8221; custom_css_scroll_button=&#8221;margin-bottom: 140px !important;&#8221; global_colors_info=&#8221;{}&#8221;][\/et_pb_fullwidth_header][et_pb_fullwidth_header title=&#8221;STEP ON HISTORY, WITH KINDNESS&#8221; text_orientation=&#8221;center&#8221; header_scroll_down=&#8221;on&#8221; scroll_down_icon=&#8221;%%2%%&#8221; scroll_down_icon_color=&#8221;#a09188&#8243; scroll_down_icon_size=&#8221;42px&#8221; disabled_on=&#8221;off|on|on&#8221; _builder_version=&#8221;4.17.4&#8243; title_font_size=&#8221;2.4em&#8221; background_color=&#8221;#1f1f1c&#8221; background_image=&#8221;https:\/\/www.teukho.com\/wp-content\/uploads\/2022\/07\/teu\u0301kho\u0304-patos-hero.jpg&#8221; height=&#8221;42vh&#8221; custom_padding=&#8221;14vh||||false|false&#8221; title_font_size_tablet=&#8221;2.1em&#8221; title_font_size_phone=&#8221;1.4em&#8221; title_font_size_last_edited=&#8221;on|desktop&#8221; custom_css_scroll_button=&#8221;margin-bottom: 20px !important;&#8221; global_colors_info=&#8221;{}&#8221;][\/et_pb_fullwidth_header][\/et_pb_section][et_pb_section fb_built=&#8221;1&#8243; _builder_version=&#8221;4.16&#8243; background_color=&#8221;#1f1f1c&#8221; global_colors_info=&#8221;{}&#8221;][et_pb_row column_structure=&#8221;2_5,3_5&#8243; use_custom_gutter=&#8221;on&#8221; gutter_width=&#8221;3&#8243; make_equal=&#8221;on&#8221; custom_padding_last_edited=&#8221;on|phone&#8221; _builder_version=&#8221;4.16&#8243; width=&#8221;100%&#8221; max_width=&#8221;90%&#8221; custom_padding=&#8221;70px|21px||21px|false|true&#8221; custom_padding_tablet=&#8221;&#8221; custom_padding_phone=&#8221;10px|13px||13px|false|true&#8221; global_colors_info=&#8221;{}&#8221;][et_pb_column type=&#8221;2_5&#8243; _builder_version=&#8221;4.16&#8243; global_colors_info=&#8221;{}&#8221;][et_pb_text _builder_version=&#8221;4.16&#8243; text_font=&#8221;Montserrat||||||||&#8221; text_text_color=&#8221;#a0816e&#8221; text_font_size=&#8221;17px&#8221; text_line_height=&#8221;1.6em&#8221; global_colors_info=&#8221;{}&#8221;]<\/p>\n<p><span style=\"color: #eae1dc; font-size: small;\">Floor<\/span><\/p>\n<h1>p\u00e1tos<\/h1>\n<p class=\"p1\"><strong>The ancient and the modern.<\/strong><\/p>\n<p class=\"p1\"><a href=\"https:\/\/it.wikipedia.org\/wiki\/Quercus_petraea\">Traditional oak<\/a>,\u00a0one of the most typical and precious materials from our region has always been used in interior design due to its durability and the pleasant nuances imparted by its textures.<\/p>\n<p class=\"p1\">Fossil Oak, an even more precious and compact wood, possesses an extraordinary range of natural colors when compared to Traditional Oak.<br \/>From this ideal \u201ctime bridge\u201d between the two kinds of wood, the idea for P\u00e1tos floors was born. P\u00e1tos floors are dedicated to individuals who believe in the value of beautiful and refined things that possess unique character and personality. Which type of floor are you?<\/p>\n<p>&nbsp;<\/p>\n<p>[\/et_pb_text][et_pb_image src=&#8221;https:\/\/www.teukho.com\/wp-content\/uploads\/2020\/08\/Teu\u0300kho\u0304_0149.jpg&#8221; alt=&#8221;teu\u0301kho\u0304 patos floor&#8221; title_text=&#8221;Teu\u0300kho\u0304 patos&#8221; align=&#8221;center&#8221; disabled_on=&#8221;off|on|on&#8221; _builder_version=&#8221;4.16&#8243; custom_margin=&#8221;||0px||false|false&#8221; custom_padding=&#8221;||0px||false|false&#8221; global_colors_info=&#8221;{}&#8221;][\/et_pb_image][et_pb_text _builder_version=&#8221;4.16&#8243; text_font=&#8221;|300|||||||&#8221; text_font_size=&#8221;1.2em&#8221; text_line_height=&#8221;1.5em&#8221; custom_padding=&#8221;40px||35px||false|false&#8221; global_colors_info=&#8221;{}&#8221;]<\/p>\n<h3>THREE EXTRAORDINARY VERSIONS<\/h3>\n<p><strong>P\u00c1TOS DARK<br \/><\/strong>The most elegant and rare version to be found in nature. Patos Dark includes all the shades of black and grey found in ancient Fossil Oak that dates from 4000 to 8000 years ago.<\/p>\n<p><strong>P\u00c1TOS LIGHT<\/strong><br \/>A floor no less important than the dark variant. It brings light to your home with colors ranging from light to dark brown, interspersed with subtle shades of gray. The Fossil Oak used in Patos Light floors dates from 1000 to 4000 years ago.<\/p>\n<p><strong>P\u00c1TOS MIX<\/strong><br \/>The trendiest and youngest version of Patos flooring. It imparts a touch of informal modernity created by a mix of dark and light essences.<\/p>\n<p>[\/et_pb_text][\/et_pb_column][et_pb_column type=&#8221;3_5&#8243; _builder_version=&#8221;4.16&#8243; background_image=&#8221;https:\/\/www.teukho.com\/wp-content\/uploads\/2020\/08\/Teu\u0300kho\u0304_0149.jpg&#8221; custom_padding_tablet=&#8221;180px||180px||true|false&#8221; custom_padding_phone=&#8221;100px||100px||true|false&#8221; custom_padding_last_edited=&#8221;on|tablet&#8221; custom_css_main_element=&#8221;background-size: 100%;||transition: all 0.5s ease-out;&#8221; global_colors_info=&#8221;{}&#8221; custom_css_main_element__hover_enabled=&#8221;on|hover&#8221; custom_css_main_element__hover=&#8221;background-size: 112%;&#8221;][\/et_pb_column][\/et_pb_row][\/et_pb_section][et_pb_section fb_built=&#8221;1&#8243; _builder_version=&#8221;4.16&#8243; background_color=&#8221;#000000&#8243; global_colors_info=&#8221;{}&#8221;][et_pb_row _builder_version=&#8221;4.16&#8243; width_tablet=&#8221;90%&#8221; width_phone=&#8221;100%&#8221; width_last_edited=&#8221;on|phone&#8221; global_colors_info=&#8221;{}&#8221;][et_pb_column type=&#8221;4_4&#8243; _builder_version=&#8221;4.16&#8243; global_colors_info=&#8221;{}&#8221;]<\/p>\n<p>[et_pb_gallery gallery_ids=&#8221;240504,756,240501,744,747,759,741,762,738,767,770,773,782,785,788,794&#8243; fullwidth=&#8221;on&#8221; _builder_version=&#8221;4.17.4&#8243; background_layout=&#8221;dark&#8221; hover_transition_duration=&#8221;750ms&#8221; global_colors_info=&#8221;{}&#8221;][\/et_pb_gallery]<\/p>\n<p>[\/et_pb_column][\/et_pb_row][\/et_pb_section][et_pb_section fb_built=&#8221;1&#8243; _builder_version=&#8221;4.16&#8243; background_color=&#8221;#1f1f1c&#8221; global_colors_info=&#8221;{}&#8221;][et_pb_row _builder_version=&#8221;4.23&#8243; width_tablet=&#8221;&#8221; width_phone=&#8221;97%&#8221; width_last_edited=&#8221;on|phone&#8221; max_width_tablet=&#8221;&#8221; max_width_phone=&#8221;97%&#8221; max_width_last_edited=&#8221;on|tablet&#8221; saved_tabs=&#8221;all&#8221; global_colors_info=&#8221;{}&#8221; global_module=&#8221;240790&#8243; theme_builder_area=&#8221;post_content&#8221;][et_pb_column type=&#8221;4_4&#8243; _builder_version=&#8221;4.16&#8243; global_colors_info=&#8221;{}&#8221; theme_builder_area=&#8221;post_content&#8221;][et_pb_text _builder_version=&#8221;4.16&#8243; custom_padding=&#8221;0px||20px||false|false&#8221; global_colors_info=&#8221;{}&#8221; theme_builder_area=&#8221;post_content&#8221;]<\/p>\n<h2 style=\"text-align: center;\">Request information<\/h2>\n<p>[\/et_pb_text][dvppl_cf7_styler form_bg=&#8221;RGBA(255,255,255,0)&#8221; form_padding=&#8221;0px|0px|0px|0px|false|false&#8221; cf7=&#8221;240781&#8243; form_field_padding=&#8221;10px|15px|9px|42px|false|false&#8221; form_background_color=&#8221;#e8e8e8&#8243; form_field_spacing=&#8221;6px&#8221; cr_custom_styles=&#8221;on&#8221; cf7_message_color=&#8221;#1F1F1C&#8221; cf7_error_message_color=&#8221;#ff8563&#8243; form_field_spacing_tablet=&#8221;9px&#8221; form_field_spacing_phone=&#8221;3px&#8221; form_field_spacing_last_edited=&#8221;on|desktop&#8221; _builder_version=&#8221;4.23&#8243; _module_preset=&#8221;default&#8221; form_field_font_font=&#8221;Montserrat||||||||&#8221; form_field_font_text_color=&#8221;#4C4236&#8243; labels_font=&#8221;Montserrat|||on|||||&#8221; labels_text_color=&#8221;#bf9b80&#8243; placeholder_text_color=&#8221;#A0816E&#8221; background_color=&#8221;rgba(0,0,0,0.39)&#8221; custom_submit_button=&#8221;on&#8221; submit_button_text_size=&#8221;20px&#8221; submit_button_text_color=&#8221;#FFFFFF&#8221; submit_button_bg_color=&#8221;#9F826C&#8221; submit_button_border_color=&#8221;#4C4236&#8243; submit_button_font=&#8221;Montserrat|||on|||||&#8221; width=&#8221;92%&#8221; max_width=&#8221;92%&#8221; module_alignment=&#8221;center&#8221; custom_padding=&#8221;25px|32px|25px|32px|true|true&#8221; border_radii=&#8221;on|7px|7px|7px|7px&#8221; border_radii_field=&#8221;on|4px|4px|4px|4px&#8221; border_color_all_field=&#8221;#9F826C&#8221; locked=&#8221;off&#8221; global_colors_info=&#8221;{}&#8221; theme_builder_area=&#8221;post_content&#8221;][\/dvppl_cf7_styler][\/et_pb_column][\/et_pb_row][\/et_pb_section]<\/p>\n","protected":false},"excerpt":{"rendered":"<p>Floor p\u00e1tos The ancient and the modern. Traditional oak,\u00a0one of the most typical and precious materials from our region has always been used in interior design due to its durability and the pleasant nuances imparted by its textures. Fossil Oak, an even more precious and compact wood, possesses an extraordinary range of natural colors when [&hellip;]<\/p>\n","protected":false},"author":1,"featured_media":0,"parent":0,"menu_order":0,"comment_status":"closed","ping_status":"closed","template":"","meta":{"_et_pb_use_builder":"on","_et_pb_old_content":"","_et_gb_content_width":"","footnotes":""},"class_list":["post-842","page","type-page","status-publish","hentry"],"yoast_head":"<!-- This site is optimized with the Yoast SEO plugin v27.2 - https:\/\/yoast.com\/product\/yoast-seo-wordpress\/ -->\n<title>Floors &#8212; te\u00fakh\u014d<\/title>\n<meta name=\"robots\" content=\"index, follow, max-snippet:-1, max-image-preview:large, max-video-preview:-1\" \/>\n<link rel=\"canonical\" href=\"https:\/\/www.teukho.com\/pavimenti\/\" \/>\n<meta property=\"og:locale\" content=\"en_US\" \/>\n<meta property=\"og:type\" content=\"article\" \/>\n<meta property=\"og:title\" content=\"Floors &#8212; te\u00fakh\u014d\" \/>\n<meta property=\"og:description\" content=\"Floor p\u00e1tos The ancient and the modern. Traditional oak,\u00a0one of the most typical and precious materials from our region has always been used in interior design due to its durability and the pleasant nuances imparted by its textures. Fossil Oak, an even more precious and compact wood, possesses an extraordinary range of natural colors when [&hellip;]\" \/>\n<meta property=\"og:url\" content=\"https:\/\/www.teukho.com\/pavimenti\/\" \/>\n<meta property=\"og:site_name\" content=\"te\u00fakh\u014d\" \/>\n<meta property=\"article:modified_time\" content=\"2023-11-04T09:35:54+00:00\" \/>\n<meta name=\"twitter:card\" content=\"summary_large_image\" \/>\n<meta name=\"twitter:label1\" content=\"Est. reading time\" \/>\n\t<meta name=\"twitter:data1\" content=\"5 minutes\" \/>\n<script type=\"application\/ld+json\" class=\"yoast-schema-graph\">{\"@context\":\"https:\/\/schema.org\",\"@graph\":[{\"@type\":\"WebPage\",\"@id\":\"https:\/\/www.teukho.com\/pavimenti\/\",\"url\":\"https:\/\/www.teukho.com\/pavimenti\/\",\"name\":\"Floors &#8212; te\u00fakh\u014d\",\"isPartOf\":{\"@id\":\"https:\/\/www.teukho.com\/#website\"},\"datePublished\":\"2020-09-21T20:41:25+00:00\",\"dateModified\":\"2023-11-04T09:35:54+00:00\",\"breadcrumb\":{\"@id\":\"https:\/\/www.teukho.com\/pavimenti\/#breadcrumb\"},\"inLanguage\":\"en-US\",\"potentialAction\":[{\"@type\":\"ReadAction\",\"target\":[\"https:\/\/www.teukho.com\/pavimenti\/\"]}]},{\"@type\":\"BreadcrumbList\",\"@id\":\"https:\/\/www.teukho.com\/pavimenti\/#breadcrumb\",\"itemListElement\":[{\"@type\":\"ListItem\",\"position\":1,\"name\":\"Home\",\"item\":\"https:\/\/www.teukho.com\/\"},{\"@type\":\"ListItem\",\"position\":2,\"name\":\"Floors\"}]},{\"@type\":\"WebSite\",\"@id\":\"https:\/\/www.teukho.com\/#website\",\"url\":\"https:\/\/www.teukho.com\/\",\"name\":\"te\u00fakh\u014d\",\"description\":\"scolpito dal tempo\",\"potentialAction\":[{\"@type\":\"SearchAction\",\"target\":{\"@type\":\"EntryPoint\",\"urlTemplate\":\"https:\/\/www.teukho.com\/?s={search_term_string}\"},\"query-input\":{\"@type\":\"PropertyValueSpecification\",\"valueRequired\":true,\"valueName\":\"search_term_string\"}}],\"inLanguage\":\"en-US\"}]}<\/script>\n<!-- \/ Yoast SEO plugin. -->","yoast_head_json":{"title":"Floors &#8212; te\u00fakh\u014d","robots":{"index":"index","follow":"follow","max-snippet":"max-snippet:-1","max-image-preview":"max-image-preview:large","max-video-preview":"max-video-preview:-1"},"canonical":"https:\/\/www.teukho.com\/pavimenti\/","og_locale":"en_US","og_type":"article","og_title":"Floors &#8212; te\u00fakh\u014d","og_description":"Floor p\u00e1tos The ancient and the modern. Traditional oak,\u00a0one of the most typical and precious materials from our region has always been used in interior design due to its durability and the pleasant nuances imparted by its textures. Fossil Oak, an even more precious and compact wood, possesses an extraordinary range of natural colors when [&hellip;]","og_url":"https:\/\/www.teukho.com\/pavimenti\/","og_site_name":"te\u00fakh\u014d","article_modified_time":"2023-11-04T09:35:54+00:00","twitter_card":"summary_large_image","twitter_misc":{"Est. reading time":"5 minutes"},"schema":{"@context":"https:\/\/schema.org","@graph":[{"@type":"WebPage","@id":"https:\/\/www.teukho.com\/pavimenti\/","url":"https:\/\/www.teukho.com\/pavimenti\/","name":"Floors &#8212; te\u00fakh\u014d","isPartOf":{"@id":"https:\/\/www.teukho.com\/#website"},"datePublished":"2020-09-21T20:41:25+00:00","dateModified":"2023-11-04T09:35:54+00:00","breadcrumb":{"@id":"https:\/\/www.teukho.com\/pavimenti\/#breadcrumb"},"inLanguage":"en-US","potentialAction":[{"@type":"ReadAction","target":["https:\/\/www.teukho.com\/pavimenti\/"]}]},{"@type":"BreadcrumbList","@id":"https:\/\/www.teukho.com\/pavimenti\/#breadcrumb","itemListElement":[{"@type":"ListItem","position":1,"name":"Home","item":"https:\/\/www.teukho.com\/"},{"@type":"ListItem","position":2,"name":"Floors"}]},{"@type":"WebSite","@id":"https:\/\/www.teukho.com\/#website","url":"https:\/\/www.teukho.com\/","name":"te\u00fakh\u014d","description":"scolpito dal tempo","potentialAction":[{"@type":"SearchAction","target":{"@type":"EntryPoint","urlTemplate":"https:\/\/www.teukho.com\/?s={search_term_string}"},"query-input":{"@type":"PropertyValueSpecification","valueRequired":true,"valueName":"search_term_string"}}],"inLanguage":"en-US"}]}},"_links":{"self":[{"href":"https:\/\/www.teukho.com\/en\/wp-json\/wp\/v2\/pages\/842","targetHints":{"allow":["GET"]}}],"collection":[{"href":"https:\/\/www.teukho.com\/en\/wp-json\/wp\/v2\/pages"}],"about":[{"href":"https:\/\/www.teukho.com\/en\/wp-json\/wp\/v2\/types\/page"}],"author":[{"embeddable":true,"href":"https:\/\/www.teukho.com\/en\/wp-json\/wp\/v2\/users\/1"}],"replies":[{"embeddable":true,"href":"https:\/\/www.teukho.com\/en\/wp-json\/wp\/v2\/comments?post=842"}],"version-history":[{"count":0,"href":"https:\/\/www.teukho.com\/en\/wp-json\/wp\/v2\/pages\/842\/revisions"}],"wp:attachment":[{"href":"https:\/\/www.teukho.com\/en\/wp-json\/wp\/v2\/media?parent=842"}],"curies":[{"name":"wp","href":"https:\/\/api.w.org\/{rel}","templated":true}]}}