{"id":970,"date":"2020-10-12T12:19:21","date_gmt":"2020-10-12T10:19:21","guid":{"rendered":"https:\/\/teukho.com\/food\/"},"modified":"2023-11-04T10:39:26","modified_gmt":"2023-11-04T09:39:26","slug":"food","status":"publish","type":"page","link":"https:\/\/www.teukho.com\/en\/food\/","title":{"rendered":"Food"},"content":{"rendered":"<p>[et_pb_section fb_built=&#8221;1&#8243; fullwidth=&#8221;on&#8221; _builder_version=&#8221;4.16&#8243; background_color=&#8221;#1f1f1c&#8221; global_colors_info=&#8221;{}&#8221;][et_pb_fullwidth_header title=&#8221;l\u00e9kos &#8221; subhead=&#8221;THE CHARM OF HISTORY AT YOUR TABLE&#8221; text_orientation=&#8221;center&#8221; header_fullscreen=&#8221;on&#8221; header_scroll_down=&#8221;on&#8221; scroll_down_icon=&#8221;%%2%%&#8221; scroll_down_icon_color=&#8221;#a0816e&#8221; scroll_down_icon_size=&#8221;42px&#8221; disabled_on=&#8221;on|off|off&#8221; _builder_version=&#8221;4.16&#8243; title_font_size=&#8221;5.4em&#8221; subhead_font=&#8221;Montserrat|||on|||||&#8221; subhead_font_size=&#8221;25px&#8221; background_color=&#8221;#1f1f1c&#8221; background_image=&#8221;https:\/\/www.teukho.com\/wp-content\/uploads\/2020\/07\/GIU4821-Teukho-OSA-Vassoi-16-7-2020-01.jpg&#8221; parallax=&#8221;on&#8221; title_font_size_tablet=&#8221;2.1em&#8221; title_font_size_phone=&#8221;1.4em&#8221; title_font_size_last_edited=&#8221;on|desktop&#8221; custom_css_scroll_button=&#8221;margin-bottom: 140px !important;&#8221; global_colors_info=&#8221;{}&#8221;][\/et_pb_fullwidth_header][et_pb_fullwidth_header title=&#8221;L\u00c9KOS&#8221; subhead=&#8221;THE CHARM OF HISTORY AT YOUR TABLE&#8221; text_orientation=&#8221;center&#8221; header_scroll_down=&#8221;on&#8221; scroll_down_icon=&#8221;%%2%%&#8221; scroll_down_icon_color=&#8221;#1f1f1c&#8221; scroll_down_icon_size=&#8221;42px&#8221; disabled_on=&#8221;off|on|on&#8221; _builder_version=&#8221;4.16&#8243; title_font_size=&#8221;4.8em&#8221; subhead_font=&#8221;Montserrat||||||||&#8221; subhead_font_size=&#8221;22px&#8221; background_color=&#8221;#1f1f1c&#8221; background_image=&#8221;https:\/\/www.teukho.com\/wp-content\/uploads\/2020\/07\/GIU4821-Teukho-OSA-Vassoi-16-7-2020-01.jpg&#8221; height=&#8221;63vh&#8221; title_font_size_tablet=&#8221;2.1em&#8221; title_font_size_phone=&#8221;1.4em&#8221; title_font_size_last_edited=&#8221;on|desktop&#8221; custom_css_scroll_button=&#8221;margin-bottom: 70px !important;&#8221; global_colors_info=&#8221;{}&#8221;][\/et_pb_fullwidth_header][\/et_pb_section][et_pb_section fb_built=&#8221;1&#8243; _builder_version=&#8221;4.16&#8243; background_color=&#8221;#1f1f1c&#8221; global_colors_info=&#8221;{}&#8221;][et_pb_row column_structure=&#8221;2_5,3_5&#8243; use_custom_gutter=&#8221;on&#8221; gutter_width=&#8221;3&#8243; make_equal=&#8221;on&#8221; custom_padding_last_edited=&#8221;on|phone&#8221; _builder_version=&#8221;4.16&#8243; width=&#8221;100%&#8221; max_width=&#8221;90%&#8221; custom_padding=&#8221;70px|21px||21px|false|true&#8221; custom_padding_tablet=&#8221;&#8221; custom_padding_phone=&#8221;10px|13px||13px|false|true&#8221; global_colors_info=&#8221;{}&#8221;][et_pb_column type=&#8221;2_5&#8243; _builder_version=&#8221;4.16&#8243; global_colors_info=&#8221;{}&#8221;][et_pb_text _builder_version=&#8221;4.16&#8243; text_font=&#8221;Montserrat||||||||&#8221; text_text_color=&#8221;#a0816e&#8221; text_font_size=&#8221;17px&#8221; text_line_height=&#8221;1.6em&#8221; global_colors_info=&#8221;{}&#8221;]<\/p>\n<p><span style=\"color: #eae1dc; font-size: small;\">food trays &amp; accessories<\/span><\/p>\n<h1>l\u00e9kos<\/h1>\n<p>Fossil wood trays.<\/p>\n<p>Sizes:\u00a0<\/p>\n<p>[\/et_pb_text][et_pb_image src=&#8221;https:\/\/www.teukho.com\/wp-content\/uploads\/2020\/09\/GIU4897-Teukho-Vassoi-OSA-35-scaled.jpg&#8221; alt=&#8221;teu\u0301kho\u0304 parmenide table&#8221; title_text=&#8221;_GIU4897-Teukho-Vassoi-OSA-35&#8243; align=&#8221;center&#8221; disabled_on=&#8221;off|on|on&#8221; _builder_version=&#8221;4.16&#8243; custom_margin=&#8221;||0px||false|false&#8221; custom_padding=&#8221;||0px||false|false&#8221; global_colors_info=&#8221;{}&#8221;][\/et_pb_image][et_pb_text _builder_version=&#8221;4.16&#8243; text_font=&#8221;|300|||||||&#8221; text_font_size=&#8221;1.2em&#8221; text_line_height=&#8221;1.5em&#8221; custom_padding=&#8221;40px||35px||false|false&#8221; global_colors_info=&#8221;{}&#8221;]<\/p>\n<h3>Exclusive accessories for home and catering<\/h3>\n<div class=\"page\" title=\"Page 8\">\n<div class=\"section\">\n<div class=\"layoutArea\">\n<div class=\"column\">\n<div class=\"page\" title=\"Page 8\">\n<div class=\"section\">\n<div class=\"layoutArea\">\n<div class=\"column\">\n<p>The elegance of history in food, an exclusive collection of: trays, cutting boards, table accessories for catering and parties and a line dedicated to the winery. All items are treated with special natural oils that make the products suitable for food use.<br \/>For catering sector is possible to design and manufacture items with customized sizes and shapes, embellishing them with laser engraving that shows the logo of the restaurant or other elements. The exclusive shades of fossil wood bring a touch of extraordinary elegance to the table.<\/p>\n<\/div>\n<\/div>\n<\/div>\n<\/div>\n<p>&nbsp;<\/p>\n<div class=\"page\" title=\"Page 8\">\n<div class=\"section\">\n<div class=\"layoutArea\">\n<div class=\"column\">\n<p><strong>LINES<\/strong><br \/>Trays<br \/>Mini party trays with exclusive design and goblet holder <br \/>Winery accessorie<\/p>\n<\/div>\n<\/div>\n<\/div>\n<\/div>\n<\/div>\n<\/div>\n<\/div>\n<\/div>\n<p>[\/et_pb_text][\/et_pb_column][et_pb_column type=&#8221;3_5&#8243; _builder_version=&#8221;4.16&#8243; background_image=&#8221;https:\/\/www.teukho.com\/wp-content\/uploads\/2020\/09\/GIU4897-Teukho-Vassoi-OSA-35-scaled.jpg&#8221; custom_padding_tablet=&#8221;180px||180px||true|false&#8221; custom_padding_phone=&#8221;100px||100px||true|false&#8221; custom_padding_last_edited=&#8221;on|tablet&#8221; custom_css_main_element=&#8221;background-size: 100%;||transition: all 0.5s ease-out;&#8221; global_colors_info=&#8221;{}&#8221; custom_css_main_element__hover_enabled=&#8221;on|hover&#8221; custom_css_main_element__hover=&#8221;background-size: 112%;&#8221;][\/et_pb_column][\/et_pb_row][\/et_pb_section][et_pb_section fb_built=&#8221;1&#8243; _builder_version=&#8221;4.16&#8243; background_color=&#8221;#000000&#8243; global_colors_info=&#8221;{}&#8221;][et_pb_row _builder_version=&#8221;4.16&#8243; width_tablet=&#8221;90%&#8221; width_phone=&#8221;100%&#8221; width_last_edited=&#8221;on|phone&#8221; global_colors_info=&#8221;{}&#8221;][et_pb_column type=&#8221;4_4&#8243; _builder_version=&#8221;4.16&#8243; global_colors_info=&#8221;{}&#8221;]<\/p>\n<p>[et_pb_gallery gallery_ids=&#8221;936,930,996,933,927,984,978,981,987,990,993,999&#8243; fullwidth=&#8221;on&#8221; _builder_version=&#8221;4.16&#8243; background_layout=&#8221;dark&#8221; hover_transition_duration=&#8221;750ms&#8221; global_colors_info=&#8221;{}&#8221;][\/et_pb_gallery]<\/p>\n<p>[\/et_pb_column][\/et_pb_row][\/et_pb_section][et_pb_section fb_built=&#8221;1&#8243; _builder_version=&#8221;4.16&#8243; background_color=&#8221;#1f1f1c&#8221; global_colors_info=&#8221;{}&#8221;][et_pb_row _builder_version=&#8221;4.23&#8243; width_tablet=&#8221;&#8221; width_phone=&#8221;97%&#8221; width_last_edited=&#8221;on|phone&#8221; max_width_tablet=&#8221;&#8221; max_width_phone=&#8221;97%&#8221; max_width_last_edited=&#8221;on|tablet&#8221; saved_tabs=&#8221;all&#8221; global_colors_info=&#8221;{}&#8221; global_module=&#8221;240790&#8243; theme_builder_area=&#8221;post_content&#8221;][et_pb_column type=&#8221;4_4&#8243; _builder_version=&#8221;4.16&#8243; global_colors_info=&#8221;{}&#8221; theme_builder_area=&#8221;post_content&#8221;][et_pb_text _builder_version=&#8221;4.16&#8243; custom_padding=&#8221;0px||20px||false|false&#8221; global_colors_info=&#8221;{}&#8221; theme_builder_area=&#8221;post_content&#8221;]<\/p>\n<h2 style=\"text-align: center;\">Request information<\/h2>\n<p>[\/et_pb_text][dvppl_cf7_styler form_bg=&#8221;RGBA(255,255,255,0)&#8221; form_padding=&#8221;0px|0px|0px|0px|false|false&#8221; cf7=&#8221;240781&#8243; form_field_padding=&#8221;10px|15px|9px|42px|false|false&#8221; form_background_color=&#8221;#e8e8e8&#8243; form_field_spacing=&#8221;6px&#8221; cr_custom_styles=&#8221;on&#8221; cf7_message_color=&#8221;#1F1F1C&#8221; cf7_error_message_color=&#8221;#ff8563&#8243; form_field_spacing_tablet=&#8221;9px&#8221; form_field_spacing_phone=&#8221;3px&#8221; form_field_spacing_last_edited=&#8221;on|desktop&#8221; _builder_version=&#8221;4.23&#8243; _module_preset=&#8221;default&#8221; form_field_font_font=&#8221;Montserrat||||||||&#8221; form_field_font_text_color=&#8221;#4C4236&#8243; labels_font=&#8221;Montserrat|||on|||||&#8221; labels_text_color=&#8221;#bf9b80&#8243; placeholder_text_color=&#8221;#A0816E&#8221; background_color=&#8221;rgba(0,0,0,0.39)&#8221; custom_submit_button=&#8221;on&#8221; submit_button_text_size=&#8221;20px&#8221; submit_button_text_color=&#8221;#FFFFFF&#8221; submit_button_bg_color=&#8221;#9F826C&#8221; submit_button_border_color=&#8221;#4C4236&#8243; submit_button_font=&#8221;Montserrat|||on|||||&#8221; width=&#8221;92%&#8221; max_width=&#8221;92%&#8221; module_alignment=&#8221;center&#8221; custom_padding=&#8221;25px|32px|25px|32px|true|true&#8221; border_radii=&#8221;on|7px|7px|7px|7px&#8221; border_radii_field=&#8221;on|4px|4px|4px|4px&#8221; border_color_all_field=&#8221;#9F826C&#8221; locked=&#8221;off&#8221; global_colors_info=&#8221;{}&#8221; theme_builder_area=&#8221;post_content&#8221;][\/dvppl_cf7_styler][\/et_pb_column][\/et_pb_row][\/et_pb_section]<\/p>\n","protected":false},"excerpt":{"rendered":"<p>food trays &amp; accessories l\u00e9kos Fossil wood trays. Sizes:\u00a0Exclusive accessories for home and catering The elegance of history in food, an exclusive collection of: trays, cutting boards, table accessories for catering and parties and a line dedicated to the winery. All items are treated with special natural oils that make the products suitable for food [&hellip;]<\/p>\n","protected":false},"author":1,"featured_media":0,"parent":0,"menu_order":0,"comment_status":"closed","ping_status":"closed","template":"","meta":{"_et_pb_use_builder":"on","_et_pb_old_content":"","_et_gb_content_width":"","footnotes":""},"class_list":["post-970","page","type-page","status-publish","hentry"],"yoast_head":"<!-- This site is optimized with the Yoast SEO plugin v27.2 - https:\/\/yoast.com\/product\/yoast-seo-wordpress\/ -->\n<title>Food &#8212; te\u00fakh\u014d<\/title>\n<meta name=\"robots\" content=\"index, follow, max-snippet:-1, max-image-preview:large, max-video-preview:-1\" \/>\n<link rel=\"canonical\" href=\"https:\/\/www.teukho.com\/food\/\" \/>\n<meta property=\"og:locale\" content=\"en_US\" \/>\n<meta property=\"og:type\" content=\"article\" \/>\n<meta property=\"og:title\" content=\"Food &#8212; te\u00fakh\u014d\" \/>\n<meta property=\"og:description\" content=\"food trays &amp; accessories l\u00e9kos Fossil wood trays. Sizes:\u00a0Exclusive accessories for home and catering The elegance of history in food, an exclusive collection of: trays, cutting boards, table accessories for catering and parties and a line dedicated to the winery. All items are treated with special natural oils that make the products suitable for food [&hellip;]\" \/>\n<meta property=\"og:url\" content=\"https:\/\/www.teukho.com\/food\/\" \/>\n<meta property=\"og:site_name\" content=\"te\u00fakh\u014d\" \/>\n<meta property=\"article:modified_time\" content=\"2023-11-04T09:39:26+00:00\" \/>\n<meta name=\"twitter:card\" content=\"summary_large_image\" \/>\n<meta name=\"twitter:label1\" content=\"Est. reading time\" \/>\n\t<meta name=\"twitter:data1\" content=\"5 minutes\" \/>\n<script type=\"application\/ld+json\" class=\"yoast-schema-graph\">{\"@context\":\"https:\/\/schema.org\",\"@graph\":[{\"@type\":\"WebPage\",\"@id\":\"https:\/\/www.teukho.com\/food\/\",\"url\":\"https:\/\/www.teukho.com\/food\/\",\"name\":\"Food &#8212; te\u00fakh\u014d\",\"isPartOf\":{\"@id\":\"https:\/\/www.teukho.com\/#website\"},\"datePublished\":\"2020-10-12T10:19:21+00:00\",\"dateModified\":\"2023-11-04T09:39:26+00:00\",\"breadcrumb\":{\"@id\":\"https:\/\/www.teukho.com\/food\/#breadcrumb\"},\"inLanguage\":\"en-US\",\"potentialAction\":[{\"@type\":\"ReadAction\",\"target\":[\"https:\/\/www.teukho.com\/food\/\"]}]},{\"@type\":\"BreadcrumbList\",\"@id\":\"https:\/\/www.teukho.com\/food\/#breadcrumb\",\"itemListElement\":[{\"@type\":\"ListItem\",\"position\":1,\"name\":\"Home\",\"item\":\"https:\/\/www.teukho.com\/\"},{\"@type\":\"ListItem\",\"position\":2,\"name\":\"Food\"}]},{\"@type\":\"WebSite\",\"@id\":\"https:\/\/www.teukho.com\/#website\",\"url\":\"https:\/\/www.teukho.com\/\",\"name\":\"te\u00fakh\u014d\",\"description\":\"scolpito dal tempo\",\"potentialAction\":[{\"@type\":\"SearchAction\",\"target\":{\"@type\":\"EntryPoint\",\"urlTemplate\":\"https:\/\/www.teukho.com\/?s={search_term_string}\"},\"query-input\":{\"@type\":\"PropertyValueSpecification\",\"valueRequired\":true,\"valueName\":\"search_term_string\"}}],\"inLanguage\":\"en-US\"}]}<\/script>\n<!-- \/ Yoast SEO plugin. -->","yoast_head_json":{"title":"Food &#8212; te\u00fakh\u014d","robots":{"index":"index","follow":"follow","max-snippet":"max-snippet:-1","max-image-preview":"max-image-preview:large","max-video-preview":"max-video-preview:-1"},"canonical":"https:\/\/www.teukho.com\/food\/","og_locale":"en_US","og_type":"article","og_title":"Food &#8212; te\u00fakh\u014d","og_description":"food trays &amp; accessories l\u00e9kos Fossil wood trays. Sizes:\u00a0Exclusive accessories for home and catering The elegance of history in food, an exclusive collection of: trays, cutting boards, table accessories for catering and parties and a line dedicated to the winery. All items are treated with special natural oils that make the products suitable for food [&hellip;]","og_url":"https:\/\/www.teukho.com\/food\/","og_site_name":"te\u00fakh\u014d","article_modified_time":"2023-11-04T09:39:26+00:00","twitter_card":"summary_large_image","twitter_misc":{"Est. reading time":"5 minutes"},"schema":{"@context":"https:\/\/schema.org","@graph":[{"@type":"WebPage","@id":"https:\/\/www.teukho.com\/food\/","url":"https:\/\/www.teukho.com\/food\/","name":"Food &#8212; te\u00fakh\u014d","isPartOf":{"@id":"https:\/\/www.teukho.com\/#website"},"datePublished":"2020-10-12T10:19:21+00:00","dateModified":"2023-11-04T09:39:26+00:00","breadcrumb":{"@id":"https:\/\/www.teukho.com\/food\/#breadcrumb"},"inLanguage":"en-US","potentialAction":[{"@type":"ReadAction","target":["https:\/\/www.teukho.com\/food\/"]}]},{"@type":"BreadcrumbList","@id":"https:\/\/www.teukho.com\/food\/#breadcrumb","itemListElement":[{"@type":"ListItem","position":1,"name":"Home","item":"https:\/\/www.teukho.com\/"},{"@type":"ListItem","position":2,"name":"Food"}]},{"@type":"WebSite","@id":"https:\/\/www.teukho.com\/#website","url":"https:\/\/www.teukho.com\/","name":"te\u00fakh\u014d","description":"scolpito dal tempo","potentialAction":[{"@type":"SearchAction","target":{"@type":"EntryPoint","urlTemplate":"https:\/\/www.teukho.com\/?s={search_term_string}"},"query-input":{"@type":"PropertyValueSpecification","valueRequired":true,"valueName":"search_term_string"}}],"inLanguage":"en-US"}]}},"_links":{"self":[{"href":"https:\/\/www.teukho.com\/en\/wp-json\/wp\/v2\/pages\/970","targetHints":{"allow":["GET"]}}],"collection":[{"href":"https:\/\/www.teukho.com\/en\/wp-json\/wp\/v2\/pages"}],"about":[{"href":"https:\/\/www.teukho.com\/en\/wp-json\/wp\/v2\/types\/page"}],"author":[{"embeddable":true,"href":"https:\/\/www.teukho.com\/en\/wp-json\/wp\/v2\/users\/1"}],"replies":[{"embeddable":true,"href":"https:\/\/www.teukho.com\/en\/wp-json\/wp\/v2\/comments?post=970"}],"version-history":[{"count":0,"href":"https:\/\/www.teukho.com\/en\/wp-json\/wp\/v2\/pages\/970\/revisions"}],"wp:attachment":[{"href":"https:\/\/www.teukho.com\/en\/wp-json\/wp\/v2\/media?parent=970"}],"curies":[{"name":"wp","href":"https:\/\/api.w.org\/{rel}","templated":true}]}}